{"id":47,"date":"2015-05-11T20:21:43","date_gmt":"2015-05-12T03:21:43","guid":{"rendered":"http:\/\/newone.northeme.com\/reframe-plus\/?page_id=47"},"modified":"2025-11-15T20:51:52","modified_gmt":"2025-11-15T19:51:52","slug":"bg-slider","status":"publish","type":"page","link":"https:\/\/andreaswolf.net\/en\/bg-slider\/","title":{"rendered":"Andreas Wolf Ungegenst\u00e4ndliche Malerei"},"content":{"rendered":"","protected":false},"excerpt":{"rendered":"","protected":false},"author":1,"featured_media":0,"parent":0,"menu_order":0,"comment_status":"closed","ping_status":"open","template":"template-bg-slider.php","meta":{"footnotes":""},"class_list":["post-47","page","type-page","status-publish","hentry"],"yoast_head":"<!-- This site is optimized with the Yoast SEO plugin v27.5 - https:\/\/yoast.com\/product\/yoast-seo-wordpress\/ -->\n<title>Andreas Wolf, ungegenst\u00e4ndliche Malerei Berlin<\/title>\n<meta name=\"description\" content=\"Website des in Berlin lebenden K\u00fcnstler Andreas Wolf. Archiv mit Schwerpunkt auf Ungegenst\u00e4ndlicher Malerei von 1999 bis heute.\" \/>\n<meta name=\"robots\" content=\"index, follow, max-snippet:-1, max-image-preview:large, max-video-preview:-1\" \/>\n<link rel=\"canonical\" href=\"https:\/\/andreaswolf.net\/en\/bg-slider\/\" \/>\n<meta property=\"og:locale\" content=\"en_GB\" \/>\n<meta property=\"og:type\" content=\"article\" \/>\n<meta property=\"og:title\" content=\"Andreas Wolf, ungegenst\u00e4ndliche Malerei Berlin\" \/>\n<meta property=\"og:description\" content=\"Website des in Berlin lebenden K\u00fcnstler Andreas Wolf. Archiv mit Schwerpunkt auf Ungegenst\u00e4ndlicher Malerei von 1999 bis heute.\" \/>\n<meta property=\"og:url\" content=\"https:\/\/andreaswolf.net\/en\/bg-slider\/\" \/>\n<meta property=\"og:site_name\" content=\"Andreas P. Wolf\" \/>\n<meta property=\"article:modified_time\" content=\"2025-11-15T19:51:52+00:00\" \/>\n<meta name=\"twitter:card\" content=\"summary_large_image\" \/>\n<script type=\"application\/ld+json\" class=\"yoast-schema-graph\">{\"@context\":\"https:\\\/\\\/schema.org\",\"@graph\":[{\"@type\":\"WebPage\",\"@id\":\"https:\\\/\\\/andreaswolf.net\\\/bg-slider\\\/\",\"url\":\"https:\\\/\\\/andreaswolf.net\\\/bg-slider\\\/\",\"name\":\"Andreas Wolf, ungegenst\u00e4ndliche Malerei Berlin\",\"isPartOf\":{\"@id\":\"https:\\\/\\\/andreaswolf.net\\\/#website\"},\"datePublished\":\"2015-05-12T03:21:43+00:00\",\"dateModified\":\"2025-11-15T19:51:52+00:00\",\"description\":\"Website des in Berlin lebenden K\u00fcnstler Andreas Wolf. Archiv mit Schwerpunkt auf Ungegenst\u00e4ndlicher Malerei von 1999 bis heute.\",\"breadcrumb\":{\"@id\":\"https:\\\/\\\/andreaswolf.net\\\/bg-slider\\\/#breadcrumb\"},\"inLanguage\":\"en-GB\",\"potentialAction\":[{\"@type\":\"ReadAction\",\"target\":[\"https:\\\/\\\/andreaswolf.net\\\/bg-slider\\\/\"]}]},{\"@type\":\"BreadcrumbList\",\"@id\":\"https:\\\/\\\/andreaswolf.net\\\/bg-slider\\\/#breadcrumb\",\"itemListElement\":[{\"@type\":\"ListItem\",\"position\":1,\"name\":\"Startseite\",\"item\":\"https:\\\/\\\/andreaswolf.net\\\/\"},{\"@type\":\"ListItem\",\"position\":2,\"name\":\"Andreas Wolf Ungegenst\u00e4ndliche Malerei\"}]},{\"@type\":\"WebSite\",\"@id\":\"https:\\\/\\\/andreaswolf.net\\\/#website\",\"url\":\"https:\\\/\\\/andreaswolf.net\\\/\",\"name\":\"Andreas P. Wolf\",\"description\":\"Ungegenst\u00e4ndliche Malerei\",\"publisher\":{\"@id\":\"https:\\\/\\\/andreaswolf.net\\\/#\\\/schema\\\/person\\\/5053ed57fcf1669109e387898bc08c05\"},\"potentialAction\":[{\"@type\":\"SearchAction\",\"target\":{\"@type\":\"EntryPoint\",\"urlTemplate\":\"https:\\\/\\\/andreaswolf.net\\\/?s={search_term_string}\"},\"query-input\":{\"@type\":\"PropertyValueSpecification\",\"valueRequired\":true,\"valueName\":\"search_term_string\"}}],\"inLanguage\":\"en-GB\"},{\"@type\":[\"Person\",\"Organization\"],\"@id\":\"https:\\\/\\\/andreaswolf.net\\\/#\\\/schema\\\/person\\\/5053ed57fcf1669109e387898bc08c05\",\"name\":\"Andreas Wolf\",\"image\":{\"@type\":\"ImageObject\",\"inLanguage\":\"en-GB\",\"@id\":\"https:\\\/\\\/andreaswolf.net\\\/wp-content\\\/uploads\\\/2020\\\/02\\\/o.T.-G-12A.jpg\",\"url\":\"https:\\\/\\\/andreaswolf.net\\\/wp-content\\\/uploads\\\/2020\\\/02\\\/o.T.-G-12A.jpg\",\"contentUrl\":\"https:\\\/\\\/andreaswolf.net\\\/wp-content\\\/uploads\\\/2020\\\/02\\\/o.T.-G-12A.jpg\",\"width\":600,\"height\":480,\"caption\":\"Andreas Wolf\"},\"logo\":{\"@id\":\"https:\\\/\\\/andreaswolf.net\\\/wp-content\\\/uploads\\\/2020\\\/02\\\/o.T.-G-12A.jpg\"}}]}<\/script>\n<!-- \/ Yoast SEO plugin. -->","yoast_head_json":{"title":"Andreas Wolf, ungegenst\u00e4ndliche Malerei Berlin","description":"Website des in Berlin lebenden K\u00fcnstler Andreas Wolf. Archiv mit Schwerpunkt auf Ungegenst\u00e4ndlicher Malerei von 1999 bis heute.","robots":{"index":"index","follow":"follow","max-snippet":"max-snippet:-1","max-image-preview":"max-image-preview:large","max-video-preview":"max-video-preview:-1"},"canonical":"https:\/\/andreaswolf.net\/en\/bg-slider\/","og_locale":"en_GB","og_type":"article","og_title":"Andreas Wolf, ungegenst\u00e4ndliche Malerei Berlin","og_description":"Website des in Berlin lebenden K\u00fcnstler Andreas Wolf. Archiv mit Schwerpunkt auf Ungegenst\u00e4ndlicher Malerei von 1999 bis heute.","og_url":"https:\/\/andreaswolf.net\/en\/bg-slider\/","og_site_name":"Andreas P. Wolf","article_modified_time":"2025-11-15T19:51:52+00:00","twitter_card":"summary_large_image","schema":{"@context":"https:\/\/schema.org","@graph":[{"@type":"WebPage","@id":"https:\/\/andreaswolf.net\/bg-slider\/","url":"https:\/\/andreaswolf.net\/bg-slider\/","name":"Andreas Wolf, ungegenst\u00e4ndliche Malerei Berlin","isPartOf":{"@id":"https:\/\/andreaswolf.net\/#website"},"datePublished":"2015-05-12T03:21:43+00:00","dateModified":"2025-11-15T19:51:52+00:00","description":"Website des in Berlin lebenden K\u00fcnstler Andreas Wolf. Archiv mit Schwerpunkt auf Ungegenst\u00e4ndlicher Malerei von 1999 bis heute.","breadcrumb":{"@id":"https:\/\/andreaswolf.net\/bg-slider\/#breadcrumb"},"inLanguage":"en-GB","potentialAction":[{"@type":"ReadAction","target":["https:\/\/andreaswolf.net\/bg-slider\/"]}]},{"@type":"BreadcrumbList","@id":"https:\/\/andreaswolf.net\/bg-slider\/#breadcrumb","itemListElement":[{"@type":"ListItem","position":1,"name":"Startseite","item":"https:\/\/andreaswolf.net\/"},{"@type":"ListItem","position":2,"name":"Andreas Wolf Ungegenst\u00e4ndliche Malerei"}]},{"@type":"WebSite","@id":"https:\/\/andreaswolf.net\/#website","url":"https:\/\/andreaswolf.net\/","name":"Andreas P. Wolf","description":"Non objective paintings","publisher":{"@id":"https:\/\/andreaswolf.net\/#\/schema\/person\/5053ed57fcf1669109e387898bc08c05"},"potentialAction":[{"@type":"SearchAction","target":{"@type":"EntryPoint","urlTemplate":"https:\/\/andreaswolf.net\/?s={search_term_string}"},"query-input":{"@type":"PropertyValueSpecification","valueRequired":true,"valueName":"search_term_string"}}],"inLanguage":"en-GB"},{"@type":["Person","Organization"],"@id":"https:\/\/andreaswolf.net\/#\/schema\/person\/5053ed57fcf1669109e387898bc08c05","name":"Andreas Wolf","image":{"@type":"ImageObject","inLanguage":"en-GB","@id":"https:\/\/andreaswolf.net\/wp-content\/uploads\/2020\/02\/o.T.-G-12A.jpg","url":"https:\/\/andreaswolf.net\/wp-content\/uploads\/2020\/02\/o.T.-G-12A.jpg","contentUrl":"https:\/\/andreaswolf.net\/wp-content\/uploads\/2020\/02\/o.T.-G-12A.jpg","width":600,"height":480,"caption":"Andreas Wolf"},"logo":{"@id":"https:\/\/andreaswolf.net\/wp-content\/uploads\/2020\/02\/o.T.-G-12A.jpg"}}]}},"_links":{"self":[{"href":"https:\/\/andreaswolf.net\/en\/wp-json\/wp\/v2\/pages\/47","targetHints":{"allow":["GET"]}}],"collection":[{"href":"https:\/\/andreaswolf.net\/en\/wp-json\/wp\/v2\/pages"}],"about":[{"href":"https:\/\/andreaswolf.net\/en\/wp-json\/wp\/v2\/types\/page"}],"author":[{"embeddable":true,"href":"https:\/\/andreaswolf.net\/en\/wp-json\/wp\/v2\/users\/1"}],"replies":[{"embeddable":true,"href":"https:\/\/andreaswolf.net\/en\/wp-json\/wp\/v2\/comments?post=47"}],"version-history":[{"count":10,"href":"https:\/\/andreaswolf.net\/en\/wp-json\/wp\/v2\/pages\/47\/revisions"}],"predecessor-version":[{"id":2636,"href":"https:\/\/andreaswolf.net\/en\/wp-json\/wp\/v2\/pages\/47\/revisions\/2636"}],"wp:attachment":[{"href":"https:\/\/andreaswolf.net\/en\/wp-json\/wp\/v2\/media?parent=47"}],"curies":[{"name":"wp","href":"https:\/\/api.w.org\/{rel}","templated":true}]}}