{"id":2637,"date":"2025-11-16T19:25:14","date_gmt":"2025-11-16T18:25:14","guid":{"rendered":"https:\/\/andreaswolf.net\/?page_id=2637"},"modified":"2026-02-04T10:44:56","modified_gmt":"2026-02-04T09:44:56","slug":"start-2025","status":"publish","type":"page","link":"https:\/\/andreaswolf.net\/en\/","title":{"rendered":"Andreas Wolf \u2013 Ungegenst\u00e4ndliche Malerei"},"content":{"rendered":"<p id=\"aktuell\"><strong>Upcoming exhibitions<\/strong><\/p>\n\n\n\n<hr class=\"wp-block-separator has-alpha-channel-opacity is-style-wide\"\/>\n\n\n\n<div class=\"wp-block-columns has-3-columns is-layout-flex wp-container-core-columns-is-layout-9d6595d7 wp-block-columns-is-layout-flex\">\n<div class=\"wp-block-column is-layout-flow wp-block-column-is-layout-flow\"><ul style=\"color:#252525; padding-right:0;padding-left:0;padding-top:0;padding-bottom:0;\" class=\"wp-block-latest-posts__list has-link-color is-style-default wp-elements-8afb24a67ed2932ea67b19e8f0661747 wp-block-latest-posts has-text-color has-normal-font-size\"><li><div class=\"wp-block-latest-posts__featured-image\"><img loading=\"lazy\" decoding=\"async\" width=\"150\" height=\"150\" src=\"https:\/\/andreaswolf.net\/wp-content\/uploads\/2026\/02\/tomorrow-is-today_socials-150x150.jpg\" class=\"attachment-thumbnail size-thumbnail wp-post-image\" alt=\"tomorrow is now\" style=\"\" srcset=\"https:\/\/andreaswolf.net\/wp-content\/uploads\/2026\/02\/tomorrow-is-today_socials-150x150.jpg 150w, https:\/\/andreaswolf.net\/wp-content\/uploads\/2026\/02\/tomorrow-is-today_socials-300x300.jpg 300w, https:\/\/andreaswolf.net\/wp-content\/uploads\/2026\/02\/tomorrow-is-today_socials-1024x1024.jpg 1024w, https:\/\/andreaswolf.net\/wp-content\/uploads\/2026\/02\/tomorrow-is-today_socials-768x768.jpg 768w, https:\/\/andreaswolf.net\/wp-content\/uploads\/2026\/02\/tomorrow-is-today_socials-12x12.jpg 12w, https:\/\/andreaswolf.net\/wp-content\/uploads\/2026\/02\/tomorrow-is-today_socials.jpg 1080w\" sizes=\"auto, (max-width: 150px) 100vw, 150px\" \/><\/div><a class=\"wp-block-latest-posts__post-title\" href=\"https:\/\/andreaswolf.net\/en\/tomorrow-is-today\/\">Tomorrow is Today<\/a><div class=\"wp-block-latest-posts__post-excerpt\">Opening: Saturday April 4th, 2026, 8pm. Doors open at 7pmExhibition: 4.\u201328. April 2026 Location:Amstelkerk, Amstelveld 10, Amsterdam, Netherlands Organisation: Art&#8230;<\/div><\/li>\n<li><a class=\"wp-block-latest-posts__post-title\" href=\"https:\/\/andreaswolf.net\/en\/k41-galerie-bruessel\/\">k41 Gallery Brussels<\/a><div class=\"wp-block-latest-posts__post-excerpt\">18.4.\u201316.5.2026, Gruppenausstellung Toolbox https:\/\/k41.gallery<\/div><\/li>\n<li><div class=\"wp-block-latest-posts__featured-image\"><img loading=\"lazy\" decoding=\"async\" width=\"123\" height=\"150\" src=\"https:\/\/andreaswolf.net\/wp-content\/uploads\/2024\/02\/43x36-2021A32-123x150.jpg\" class=\"attachment-thumbnail size-thumbnail wp-post-image\" alt=\"Aquarell Andreas Wolf\" style=\"\" srcset=\"https:\/\/andreaswolf.net\/wp-content\/uploads\/2024\/02\/43x36-2021A32-123x150.jpg 123w, https:\/\/andreaswolf.net\/wp-content\/uploads\/2024\/02\/43x36-2021A32-247x300.jpg 247w, https:\/\/andreaswolf.net\/wp-content\/uploads\/2024\/02\/43x36-2021A32-768x933.jpg 768w, https:\/\/andreaswolf.net\/wp-content\/uploads\/2024\/02\/43x36-2021A32-10x12.jpg 10w, https:\/\/andreaswolf.net\/wp-content\/uploads\/2024\/02\/43x36-2021A32.jpg 823w\" sizes=\"auto, (max-width: 123px) 100vw, 123px\" \/><\/div><a class=\"wp-block-latest-posts__post-title\" href=\"https:\/\/andreaswolf.net\/en\/abk-und-freunde\/\">ABK and Friends<\/a><div class=\"wp-block-latest-posts__post-excerpt\">Xylon Museum, Schwetzingen 22.11.2025\u201322.02.2026, GruppenausstellungVernissage: Sa. 22.11.2025, 17:00 Uhr Download Einladung als PDF<\/div><\/li>\n<\/ul><\/div>\n\n\n\n<div class=\"wp-block-column is-vertically-aligned-top has-text-color has-link-color wp-elements-46d4117965f4f82b6405eb4cb9bb6c3e is-layout-flow wp-block-column-is-layout-flow\" style=\"color:#474747;padding-top:0;padding-right:0;padding-bottom:0;padding-left:0\">\n<div style=\"height:20px\" aria-hidden=\"true\" class=\"wp-block-spacer\"><\/div>\n\n\n\n<h2 class=\"wp-block-heading\"><a href=\"https:\/\/artbearbooks.de\/andreas-wolf-bilder-2015-2021\/\">Catalogue Andreas Wolf<\/a><\/h2>\n\n\n\n<p><a href=\"https:\/\/artbearbooks.de\/andreas-wolf-bilder-2015-2021\/\">Bilder 2016\u20132021<br>Artbear Books<\/a> <code>\u2197<\/code><br><br><\/p>\n\n\n\n<figure class=\"wp-block-image size-full\"><a href=\"https:\/\/artbearbooks.de\/andreas-wolf-bilder-2015-2021\/\"><img loading=\"lazy\" decoding=\"async\" width=\"300\" height=\"300\" src=\"https:\/\/andreaswolf.net\/wp-content\/uploads\/2022\/02\/Katalog-Andreas-Wolf-2021.jpg\" alt=\"Katalog Andreas Wolf\" class=\"wp-image-2315\" srcset=\"https:\/\/andreaswolf.net\/wp-content\/uploads\/2022\/02\/Katalog-Andreas-Wolf-2021.jpg 300w, https:\/\/andreaswolf.net\/wp-content\/uploads\/2022\/02\/Katalog-Andreas-Wolf-2021-150x150.jpg 150w, https:\/\/andreaswolf.net\/wp-content\/uploads\/2022\/02\/Katalog-Andreas-Wolf-2021-12x12.jpg 12w\" sizes=\"auto, (max-width: 300px) 100vw, 300px\" \/><\/a><\/figure>\n<\/div>\n\n\n\n<div class=\"wp-block-column is-layout-flow wp-block-column-is-layout-flow\"><\/div>\n<\/div>\n\n\n\n<p><\/p>","protected":false},"excerpt":{"rendered":"<p>Kommende Ausstellungen Katalog Andreas Wolf Bilder 2016\u20132021Artbear Books \u2197<\/p>","protected":false},"author":1,"featured_media":0,"parent":0,"menu_order":0,"comment_status":"closed","ping_status":"closed","template":"","meta":{"footnotes":""},"class_list":["post-2637","page","type-page","status-publish","hentry"],"yoast_head":"<!-- This site is optimized with the Yoast SEO plugin v27.4 - https:\/\/yoast.com\/product\/yoast-seo-wordpress\/ -->\n<title>Andreas Wolf \u2013 Ungegenst\u00e4ndliche Malerei - Andreas P. Wolf<\/title>\n<meta name=\"description\" content=\"Website des Berliner K\u00fcnstlers Andreas Wolf, mit Bildarchiv, ungegenst\u00e4ndliche Malerei, Ausstellungstermine etc\" \/>\n<meta name=\"robots\" content=\"index, follow, max-snippet:-1, max-image-preview:large, max-video-preview:-1\" \/>\n<link rel=\"canonical\" href=\"https:\/\/andreaswolf.net\/en\/\" \/>\n<meta property=\"og:locale\" content=\"en_GB\" \/>\n<meta property=\"og:type\" content=\"article\" \/>\n<meta property=\"og:title\" content=\"Andreas Wolf \u2013 Ungegenst\u00e4ndliche Malerei - Andreas P. Wolf\" \/>\n<meta property=\"og:description\" content=\"Website des Berliner K\u00fcnstlers Andreas Wolf, mit Bildarchiv, ungegenst\u00e4ndliche Malerei, Ausstellungstermine etc\" \/>\n<meta property=\"og:url\" content=\"https:\/\/andreaswolf.net\/en\/\" \/>\n<meta property=\"og:site_name\" content=\"Andreas P. Wolf\" \/>\n<meta property=\"article:modified_time\" content=\"2026-02-04T09:44:56+00:00\" \/>\n<meta property=\"og:image\" content=\"https:\/\/andreaswolf.net\/wp-content\/uploads\/2022\/02\/Katalog-Andreas-Wolf-2021.jpg\" \/>\n<meta name=\"twitter:card\" content=\"summary_large_image\" \/>\n<meta name=\"twitter:label1\" content=\"Estimated reading time\" \/>\n\t<meta name=\"twitter:data1\" content=\"1 minute\" \/>\n<script type=\"application\/ld+json\" class=\"yoast-schema-graph\">{\"@context\":\"https:\\\/\\\/schema.org\",\"@graph\":[{\"@type\":\"WebPage\",\"@id\":\"https:\\\/\\\/andreaswolf.net\\\/\",\"url\":\"https:\\\/\\\/andreaswolf.net\\\/\",\"name\":\"Andreas Wolf \u2013 Ungegenst\u00e4ndliche Malerei - Andreas P. Wolf\",\"isPartOf\":{\"@id\":\"https:\\\/\\\/andreaswolf.net\\\/#website\"},\"primaryImageOfPage\":{\"@id\":\"https:\\\/\\\/andreaswolf.net\\\/#primaryimage\"},\"image\":{\"@id\":\"https:\\\/\\\/andreaswolf.net\\\/#primaryimage\"},\"thumbnailUrl\":\"https:\\\/\\\/andreaswolf.net\\\/wp-content\\\/uploads\\\/2022\\\/02\\\/Katalog-Andreas-Wolf-2021.jpg\",\"datePublished\":\"2025-11-16T18:25:14+00:00\",\"dateModified\":\"2026-02-04T09:44:56+00:00\",\"description\":\"Website des Berliner K\u00fcnstlers Andreas Wolf, mit Bildarchiv, ungegenst\u00e4ndliche Malerei, Ausstellungstermine etc\",\"breadcrumb\":{\"@id\":\"https:\\\/\\\/andreaswolf.net\\\/#breadcrumb\"},\"inLanguage\":\"en-GB\",\"potentialAction\":[{\"@type\":\"ReadAction\",\"target\":[\"https:\\\/\\\/andreaswolf.net\\\/\"]}]},{\"@type\":\"ImageObject\",\"inLanguage\":\"en-GB\",\"@id\":\"https:\\\/\\\/andreaswolf.net\\\/#primaryimage\",\"url\":\"https:\\\/\\\/andreaswolf.net\\\/wp-content\\\/uploads\\\/2022\\\/02\\\/Katalog-Andreas-Wolf-2021.jpg\",\"contentUrl\":\"https:\\\/\\\/andreaswolf.net\\\/wp-content\\\/uploads\\\/2022\\\/02\\\/Katalog-Andreas-Wolf-2021.jpg\"},{\"@type\":\"BreadcrumbList\",\"@id\":\"https:\\\/\\\/andreaswolf.net\\\/#breadcrumb\",\"itemListElement\":[{\"@type\":\"ListItem\",\"position\":1,\"name\":\"Startseite\",\"item\":\"https:\\\/\\\/andreaswolf.net\\\/\"},{\"@type\":\"ListItem\",\"position\":2,\"name\":\"Andreas Wolf \u2013 Ungegenst\u00e4ndliche Malerei\"}]},{\"@type\":\"WebSite\",\"@id\":\"https:\\\/\\\/andreaswolf.net\\\/#website\",\"url\":\"https:\\\/\\\/andreaswolf.net\\\/\",\"name\":\"Andreas P. Wolf\",\"description\":\"Ungegenst\u00e4ndliche Malerei\",\"publisher\":{\"@id\":\"https:\\\/\\\/andreaswolf.net\\\/#\\\/schema\\\/person\\\/5053ed57fcf1669109e387898bc08c05\"},\"potentialAction\":[{\"@type\":\"SearchAction\",\"target\":{\"@type\":\"EntryPoint\",\"urlTemplate\":\"https:\\\/\\\/andreaswolf.net\\\/?s={search_term_string}\"},\"query-input\":{\"@type\":\"PropertyValueSpecification\",\"valueRequired\":true,\"valueName\":\"search_term_string\"}}],\"inLanguage\":\"en-GB\"},{\"@type\":[\"Person\",\"Organization\"],\"@id\":\"https:\\\/\\\/andreaswolf.net\\\/#\\\/schema\\\/person\\\/5053ed57fcf1669109e387898bc08c05\",\"name\":\"Andreas Wolf\",\"image\":{\"@type\":\"ImageObject\",\"inLanguage\":\"en-GB\",\"@id\":\"https:\\\/\\\/andreaswolf.net\\\/wp-content\\\/uploads\\\/2020\\\/02\\\/o.T.-G-12A.jpg\",\"url\":\"https:\\\/\\\/andreaswolf.net\\\/wp-content\\\/uploads\\\/2020\\\/02\\\/o.T.-G-12A.jpg\",\"contentUrl\":\"https:\\\/\\\/andreaswolf.net\\\/wp-content\\\/uploads\\\/2020\\\/02\\\/o.T.-G-12A.jpg\",\"width\":600,\"height\":480,\"caption\":\"Andreas Wolf\"},\"logo\":{\"@id\":\"https:\\\/\\\/andreaswolf.net\\\/wp-content\\\/uploads\\\/2020\\\/02\\\/o.T.-G-12A.jpg\"}}]}<\/script>\n<!-- \/ Yoast SEO plugin. -->","yoast_head_json":{"title":"Andreas Wolf \u2013 Ungegenst\u00e4ndliche Malerei - Andreas P. Wolf","description":"Website des Berliner K\u00fcnstlers Andreas Wolf, mit Bildarchiv, ungegenst\u00e4ndliche Malerei, Ausstellungstermine etc","robots":{"index":"index","follow":"follow","max-snippet":"max-snippet:-1","max-image-preview":"max-image-preview:large","max-video-preview":"max-video-preview:-1"},"canonical":"https:\/\/andreaswolf.net\/en\/","og_locale":"en_GB","og_type":"article","og_title":"Andreas Wolf \u2013 Ungegenst\u00e4ndliche Malerei - Andreas P. Wolf","og_description":"Website des Berliner K\u00fcnstlers Andreas Wolf, mit Bildarchiv, ungegenst\u00e4ndliche Malerei, Ausstellungstermine etc","og_url":"https:\/\/andreaswolf.net\/en\/","og_site_name":"Andreas P. Wolf","article_modified_time":"2026-02-04T09:44:56+00:00","og_image":[{"url":"https:\/\/andreaswolf.net\/wp-content\/uploads\/2022\/02\/Katalog-Andreas-Wolf-2021.jpg","type":"","width":"","height":""}],"twitter_card":"summary_large_image","twitter_misc":{"Estimated reading time":"1 minute"},"schema":{"@context":"https:\/\/schema.org","@graph":[{"@type":"WebPage","@id":"https:\/\/andreaswolf.net\/","url":"https:\/\/andreaswolf.net\/","name":"Andreas Wolf \u2013 Ungegenst\u00e4ndliche Malerei - Andreas P. Wolf","isPartOf":{"@id":"https:\/\/andreaswolf.net\/#website"},"primaryImageOfPage":{"@id":"https:\/\/andreaswolf.net\/#primaryimage"},"image":{"@id":"https:\/\/andreaswolf.net\/#primaryimage"},"thumbnailUrl":"https:\/\/andreaswolf.net\/wp-content\/uploads\/2022\/02\/Katalog-Andreas-Wolf-2021.jpg","datePublished":"2025-11-16T18:25:14+00:00","dateModified":"2026-02-04T09:44:56+00:00","description":"Website des Berliner K\u00fcnstlers Andreas Wolf, mit Bildarchiv, ungegenst\u00e4ndliche Malerei, Ausstellungstermine etc","breadcrumb":{"@id":"https:\/\/andreaswolf.net\/#breadcrumb"},"inLanguage":"en-GB","potentialAction":[{"@type":"ReadAction","target":["https:\/\/andreaswolf.net\/"]}]},{"@type":"ImageObject","inLanguage":"en-GB","@id":"https:\/\/andreaswolf.net\/#primaryimage","url":"https:\/\/andreaswolf.net\/wp-content\/uploads\/2022\/02\/Katalog-Andreas-Wolf-2021.jpg","contentUrl":"https:\/\/andreaswolf.net\/wp-content\/uploads\/2022\/02\/Katalog-Andreas-Wolf-2021.jpg"},{"@type":"BreadcrumbList","@id":"https:\/\/andreaswolf.net\/#breadcrumb","itemListElement":[{"@type":"ListItem","position":1,"name":"Startseite","item":"https:\/\/andreaswolf.net\/"},{"@type":"ListItem","position":2,"name":"Andreas Wolf \u2013 Ungegenst\u00e4ndliche Malerei"}]},{"@type":"WebSite","@id":"https:\/\/andreaswolf.net\/#website","url":"https:\/\/andreaswolf.net\/","name":"Andreas P. Wolf","description":"Non objective paintings","publisher":{"@id":"https:\/\/andreaswolf.net\/#\/schema\/person\/5053ed57fcf1669109e387898bc08c05"},"potentialAction":[{"@type":"SearchAction","target":{"@type":"EntryPoint","urlTemplate":"https:\/\/andreaswolf.net\/?s={search_term_string}"},"query-input":{"@type":"PropertyValueSpecification","valueRequired":true,"valueName":"search_term_string"}}],"inLanguage":"en-GB"},{"@type":["Person","Organization"],"@id":"https:\/\/andreaswolf.net\/#\/schema\/person\/5053ed57fcf1669109e387898bc08c05","name":"Andreas Wolf","image":{"@type":"ImageObject","inLanguage":"en-GB","@id":"https:\/\/andreaswolf.net\/wp-content\/uploads\/2020\/02\/o.T.-G-12A.jpg","url":"https:\/\/andreaswolf.net\/wp-content\/uploads\/2020\/02\/o.T.-G-12A.jpg","contentUrl":"https:\/\/andreaswolf.net\/wp-content\/uploads\/2020\/02\/o.T.-G-12A.jpg","width":600,"height":480,"caption":"Andreas Wolf"},"logo":{"@id":"https:\/\/andreaswolf.net\/wp-content\/uploads\/2020\/02\/o.T.-G-12A.jpg"}}]}},"_links":{"self":[{"href":"https:\/\/andreaswolf.net\/en\/wp-json\/wp\/v2\/pages\/2637","targetHints":{"allow":["GET"]}}],"collection":[{"href":"https:\/\/andreaswolf.net\/en\/wp-json\/wp\/v2\/pages"}],"about":[{"href":"https:\/\/andreaswolf.net\/en\/wp-json\/wp\/v2\/types\/page"}],"author":[{"embeddable":true,"href":"https:\/\/andreaswolf.net\/en\/wp-json\/wp\/v2\/users\/1"}],"replies":[{"embeddable":true,"href":"https:\/\/andreaswolf.net\/en\/wp-json\/wp\/v2\/comments?post=2637"}],"version-history":[{"count":10,"href":"https:\/\/andreaswolf.net\/en\/wp-json\/wp\/v2\/pages\/2637\/revisions"}],"predecessor-version":[{"id":2825,"href":"https:\/\/andreaswolf.net\/en\/wp-json\/wp\/v2\/pages\/2637\/revisions\/2825"}],"wp:attachment":[{"href":"https:\/\/andreaswolf.net\/en\/wp-json\/wp\/v2\/media?parent=2637"}],"curies":[{"name":"wp","href":"https:\/\/api.w.org\/{rel}","templated":true}]}}