{"id":1297,"date":"2019-12-13T13:07:55","date_gmt":"2019-12-13T12:07:55","guid":{"rendered":"https:\/\/andreaswolf.net\/?page_id=1297"},"modified":"2020-02-03T17:28:50","modified_gmt":"2020-02-03T16:28:50","slug":"installationen","status":"publish","type":"page","link":"https:\/\/andreaswolf.net\/en\/installationen\/","title":{"rendered":"Installationen"},"content":{"rendered":"<div class=\"wpb-content-wrapper\"><div data-title=\"\" class=\"nor-vc-row-container vc_row wpb_row vc_row-fluid\"  ><div class=\"container\"><div class=\"nor-row\"><div class=\"sixteen columns nor-12\"><div class=\"wpb_column vc_column_container vc_col-sm-12\"><div class=\"vc_column-inner\"><div class=\"wpb_wrapper\"><style>#vc-posts-87678 article.grid-item .info-overlay{left:0px;right:0px;top:0px;bottom:0px;padding:25px}#vc-posts-87678 article.grid-item .img{transition:opacity .3s ease}#vc-posts-87678 article.grid-item:hover .img{opacity:0.8}<\/style><div class=\"nor_vc_templates vc_clearfix\">\n  <div id=\"vc-posts-87678\" class=\"post-list category-filter-off fitvids      wrapper-column-nor-5de57623cb149 type-nor-raum   nor-masonry\">\n    \t\n\t\n\t<article class=\"grid-item transform-effect shown border-color grid-type-nor-raum first info-overlay  pterm-90 grid-radius-responsive-all non-product\"  data-overlay=\".info-overlay\">\n\n\t\t\t<a  href=\"https:\/\/andreaswolf.net\/en\/objekt\/herzogenart-public-spaces-private-views\/\" target=\"_self\" class=\"img\" data-ajax=\"true\"><img loading=\"lazy\" decoding=\"async\" src=\"https:\/\/andreaswolf.net\/wp-content\/uploads\/2020\/02\/T_Herzogenart.jpg\" srcset=\"https:\/\/andreaswolf.net\/wp-content\/uploads\/2020\/02\/T_Herzogenart.jpg 1600w, https:\/\/andreaswolf.net\/wp-content\/uploads\/2020\/02\/T_Herzogenart-1024x576.jpg 1024w, https:\/\/andreaswolf.net\/wp-content\/uploads\/2020\/02\/T_Herzogenart-150x84.jpg 150w, https:\/\/andreaswolf.net\/wp-content\/uploads\/2020\/02\/T_Herzogenart-18x10.jpg 18w, https:\/\/andreaswolf.net\/wp-content\/uploads\/2020\/02\/T_Herzogenart-300x169.jpg 300w, https:\/\/andreaswolf.net\/wp-content\/uploads\/2020\/02\/T_Herzogenart-768x432.jpg 768w, https:\/\/andreaswolf.net\/wp-content\/uploads\/2020\/02\/T_Herzogenart-1536x864.jpg 1536w\" width=\"1600\"  height=\"900\" alt=\"Herzogenart \u2013 Public Spaces Private Views, 2011\"\n            data-sizes=\"(max-width: 767px) 100vw, (min-width: 768px) 100vw\" sizes=\"auto, (max-width: 767px) 100vw, (min-width: 768px) 100vw\" class=\"lazyload\"><\/a>\n        \n                <div class=\"info  info-overlay\" data-target=\"_self\" data-link=\"https:\/\/andreaswolf.net\/en\/objekt\/herzogenart-public-spaces-private-views\/\">\n        \t<div class=\"overlay-wrapper\">\n\t\t\t                 <h4 class=\"no-effect\" ><a href=\"https:\/\/andreaswolf.net\/en\/objekt\/herzogenart-public-spaces-private-views\/\" target=\"_self\" data-ajax=\"true\" >\u00bbHerzogenart \u2013 Public Spaces Private Views\u00ab Herzogenried, Mannheim 2011<\/a><\/h4>\n            \n                        <\/div>\n        <\/div>\n        \t<\/article>\n    \t\n\t\n\t<article class=\"grid-item transform-effect shown border-color grid-type-nor-raum  info-overlay  pterm-90 grid-radius-responsive-all non-product\"  data-overlay=\".info-overlay\">\n\n\t\t\t<a  href=\"https:\/\/andreaswolf.net\/en\/objekt\/o-t-wandbild\/\" target=\"_self\" class=\"img\" data-ajax=\"true\"><img loading=\"lazy\" decoding=\"async\" src=\"https:\/\/andreaswolf.net\/wp-content\/uploads\/2020\/01\/T_Wandbild_2007.jpg\" srcset=\"https:\/\/andreaswolf.net\/wp-content\/uploads\/2020\/01\/T_Wandbild_2007.jpg 1600w, https:\/\/andreaswolf.net\/wp-content\/uploads\/2020\/01\/T_Wandbild_2007-1024x576.jpg 1024w, https:\/\/andreaswolf.net\/wp-content\/uploads\/2020\/01\/T_Wandbild_2007-150x84.jpg 150w, https:\/\/andreaswolf.net\/wp-content\/uploads\/2020\/01\/T_Wandbild_2007-18x10.jpg 18w, https:\/\/andreaswolf.net\/wp-content\/uploads\/2020\/01\/T_Wandbild_2007-300x169.jpg 300w, https:\/\/andreaswolf.net\/wp-content\/uploads\/2020\/01\/T_Wandbild_2007-768x432.jpg 768w, https:\/\/andreaswolf.net\/wp-content\/uploads\/2020\/01\/T_Wandbild_2007-1536x864.jpg 1536w\" width=\"1600\"  height=\"900\" alt=\"o.T. (Wandbild), 2007\"\n            data-sizes=\"(max-width: 767px) 100vw, (min-width: 768px) 100vw\" sizes=\"auto, (max-width: 767px) 100vw, (min-width: 768px) 100vw\" class=\"lazyload\"><\/a>\n        \n                <div class=\"info  info-overlay\" data-target=\"_self\" data-link=\"https:\/\/andreaswolf.net\/en\/objekt\/o-t-wandbild\/\">\n        \t<div class=\"overlay-wrapper\">\n\t\t\t                 <h4 class=\"no-effect\" ><a href=\"https:\/\/andreaswolf.net\/en\/objekt\/o-t-wandbild\/\" target=\"_self\" data-ajax=\"true\" >untitled (mural painting), 2007<\/a><\/h4>\n            \n                        <\/div>\n        <\/div>\n        \t<\/article>\n    \t\n\t\n\t<article class=\"grid-item transform-effect shown border-color grid-type-nor-raum  info-overlay  pterm-90 grid-radius-responsive-all non-product\"  data-overlay=\".info-overlay\">\n\n\t\t\t<a  href=\"https:\/\/andreaswolf.net\/en\/objekt\/parkbild\/\" target=\"_self\" class=\"img\" data-ajax=\"true\"><img loading=\"lazy\" decoding=\"async\" src=\"https:\/\/andreaswolf.net\/wp-content\/uploads\/2019\/12\/T_camin2019.jpg\" srcset=\"https:\/\/andreaswolf.net\/wp-content\/uploads\/2019\/12\/T_camin2019.jpg 1600w, https:\/\/andreaswolf.net\/wp-content\/uploads\/2019\/12\/T_camin2019-1024x576.jpg 1024w, https:\/\/andreaswolf.net\/wp-content\/uploads\/2019\/12\/T_camin2019-150x84.jpg 150w, https:\/\/andreaswolf.net\/wp-content\/uploads\/2019\/12\/T_camin2019-18x10.jpg 18w, https:\/\/andreaswolf.net\/wp-content\/uploads\/2019\/12\/T_camin2019-300x169.jpg 300w, https:\/\/andreaswolf.net\/wp-content\/uploads\/2019\/12\/T_camin2019-768x432.jpg 768w, https:\/\/andreaswolf.net\/wp-content\/uploads\/2019\/12\/T_camin2019-1536x864.jpg 1536w\" width=\"1600\"  height=\"900\" alt=\"Parkbild, 2019\"\n            data-sizes=\"(max-width: 767px) 100vw, (min-width: 768px) 100vw\" sizes=\"auto, (max-width: 767px) 100vw, (min-width: 768px) 100vw\" class=\"lazyload\"><\/a>\n        \n                <div class=\"info  info-overlay\" data-target=\"_self\" data-link=\"https:\/\/andreaswolf.net\/en\/objekt\/parkbild\/\">\n        \t<div class=\"overlay-wrapper\">\n\t\t\t                 <h4 class=\"no-effect\" ><a href=\"https:\/\/andreaswolf.net\/en\/objekt\/parkbild\/\" target=\"_self\" data-ajax=\"true\" >Park Picture, 2019<\/a><\/h4>\n            \n                        <\/div>\n        <\/div>\n        \t<\/article>\n    \t\n\t\n\t<article class=\"grid-item transform-effect shown border-color grid-type-nor-raum last info-overlay  pterm-90 grid-radius-responsive-all non-product\"  data-overlay=\".info-overlay\">\n\n\t\t\t<a  href=\"https:\/\/andreaswolf.net\/en\/objekt\/einlamamalnie\/\" target=\"_self\" class=\"img\" data-ajax=\"true\"><img loading=\"lazy\" decoding=\"async\" src=\"https:\/\/andreaswolf.net\/wp-content\/uploads\/2019\/12\/T_einlamamalnie_2.jpg\" srcset=\"https:\/\/andreaswolf.net\/wp-content\/uploads\/2019\/12\/T_einlamamalnie_2.jpg 1600w, https:\/\/andreaswolf.net\/wp-content\/uploads\/2019\/12\/T_einlamamalnie_2-1024x576.jpg 1024w, https:\/\/andreaswolf.net\/wp-content\/uploads\/2019\/12\/T_einlamamalnie_2-150x84.jpg 150w, https:\/\/andreaswolf.net\/wp-content\/uploads\/2019\/12\/T_einlamamalnie_2-18x10.jpg 18w, https:\/\/andreaswolf.net\/wp-content\/uploads\/2019\/12\/T_einlamamalnie_2-300x169.jpg 300w, https:\/\/andreaswolf.net\/wp-content\/uploads\/2019\/12\/T_einlamamalnie_2-768x432.jpg 768w, https:\/\/andreaswolf.net\/wp-content\/uploads\/2019\/12\/T_einlamamalnie_2-1536x864.jpg 1536w\" width=\"1600\"  height=\"900\" alt=\"einlamamalnie, 2007\"\n            data-sizes=\"(max-width: 767px) 100vw, (min-width: 768px) 100vw\" sizes=\"auto, (max-width: 767px) 100vw, (min-width: 768px) 100vw\" class=\"lazyload\"><\/a>\n        \n                <div class=\"info  info-overlay\" data-target=\"_self\" data-link=\"https:\/\/andreaswolf.net\/en\/objekt\/einlamamalnie\/\">\n        \t<div class=\"overlay-wrapper\">\n\t\t\t                 <h4 class=\"no-effect\" ><a href=\"https:\/\/andreaswolf.net\/en\/objekt\/einlamamalnie\/\" target=\"_self\" data-ajax=\"true\" >einlamamalnie (palindrom), 2007<\/a><\/h4>\n            \n                        <\/div>\n        <\/div>\n        \t<\/article>\n    \t\n\t\n\t<article class=\"grid-item transform-effect shown border-color grid-type-nor-raum first info-overlay  pterm-90 grid-radius-responsive-all non-product\"  data-overlay=\".info-overlay\">\n\n\t\t\t<a  href=\"https:\/\/andreaswolf.net\/en\/objekt\/full-house\/\" target=\"_self\" class=\"img\" data-ajax=\"true\"><img loading=\"lazy\" decoding=\"async\" src=\"https:\/\/andreaswolf.net\/wp-content\/uploads\/2020\/02\/T_Installation-h7.jpg\" srcset=\"https:\/\/andreaswolf.net\/wp-content\/uploads\/2020\/02\/T_Installation-h7.jpg 1600w, https:\/\/andreaswolf.net\/wp-content\/uploads\/2020\/02\/T_Installation-h7-1024x576.jpg 1024w, https:\/\/andreaswolf.net\/wp-content\/uploads\/2020\/02\/T_Installation-h7-150x84.jpg 150w, https:\/\/andreaswolf.net\/wp-content\/uploads\/2020\/02\/T_Installation-h7-18x10.jpg 18w, https:\/\/andreaswolf.net\/wp-content\/uploads\/2020\/02\/T_Installation-h7-300x169.jpg 300w, https:\/\/andreaswolf.net\/wp-content\/uploads\/2020\/02\/T_Installation-h7-768x432.jpg 768w, https:\/\/andreaswolf.net\/wp-content\/uploads\/2020\/02\/T_Installation-h7-1536x864.jpg 1536w\" width=\"1600\"  height=\"900\" alt=\"Full House, Atelier h7\/15, 2003\"\n            data-sizes=\"(max-width: 767px) 100vw, (min-width: 768px) 100vw\" sizes=\"auto, (max-width: 767px) 100vw, (min-width: 768px) 100vw\" class=\"lazyload\"><\/a>\n        \n                <div class=\"info  info-overlay\" data-target=\"_self\" data-link=\"https:\/\/andreaswolf.net\/en\/objekt\/full-house\/\">\n        \t<div class=\"overlay-wrapper\">\n\t\t\t                 <h4 class=\"no-effect\" ><a href=\"https:\/\/andreaswolf.net\/en\/objekt\/full-house\/\" target=\"_self\" data-ajax=\"true\" >Full House, Atelier h7\/15, 2003<\/a><\/h4>\n            \n                        <\/div>\n        <\/div>\n        \t<\/article>\n    \t\n\t\n\t<article class=\"grid-item transform-effect shown border-color grid-type-nor-raum  info-overlay  pterm-90 grid-radius-responsive-all non-product\"  data-overlay=\".info-overlay\">\n\n\t\t\t<a  href=\"https:\/\/andreaswolf.net\/en\/objekt\/klar\/\" target=\"_self\" class=\"img\" data-ajax=\"true\"><img loading=\"lazy\" decoding=\"async\" src=\"https:\/\/andreaswolf.net\/wp-content\/uploads\/2020\/02\/t_Tabakfabrik_3.jpg\" srcset=\"https:\/\/andreaswolf.net\/wp-content\/uploads\/2020\/02\/t_Tabakfabrik_3.jpg 1600w, https:\/\/andreaswolf.net\/wp-content\/uploads\/2020\/02\/t_Tabakfabrik_3-1024x576.jpg 1024w, https:\/\/andreaswolf.net\/wp-content\/uploads\/2020\/02\/t_Tabakfabrik_3-150x84.jpg 150w, https:\/\/andreaswolf.net\/wp-content\/uploads\/2020\/02\/t_Tabakfabrik_3-18x10.jpg 18w, https:\/\/andreaswolf.net\/wp-content\/uploads\/2020\/02\/t_Tabakfabrik_3-300x169.jpg 300w, https:\/\/andreaswolf.net\/wp-content\/uploads\/2020\/02\/t_Tabakfabrik_3-768x432.jpg 768w, https:\/\/andreaswolf.net\/wp-content\/uploads\/2020\/02\/t_Tabakfabrik_3-1536x864.jpg 1536w\" width=\"1600\"  height=\"900\" alt=\"Klar, Tabakfabrik Edingen, 1994\"\n            data-sizes=\"(max-width: 767px) 100vw, (min-width: 768px) 100vw\" sizes=\"auto, (max-width: 767px) 100vw, (min-width: 768px) 100vw\" class=\"lazyload\"><\/a>\n        \n                <div class=\"info  info-overlay\" data-target=\"_self\" data-link=\"https:\/\/andreaswolf.net\/en\/objekt\/klar\/\">\n        \t<div class=\"overlay-wrapper\">\n\t\t\t                 <h4 class=\"no-effect\" ><a href=\"https:\/\/andreaswolf.net\/en\/objekt\/klar\/\" target=\"_self\" data-ajax=\"true\" >Klar (clear) Tabac Factory, Edingen 1994<\/a><\/h4>\n            \n                        <\/div>\n        <\/div>\n        \t<\/article>\n    \t\n\t\n\t<article class=\"grid-item transform-effect shown border-color grid-type-nor-raum  info-overlay  pterm-89 pterm-90 grid-radius-responsive-all non-product\"  data-overlay=\".info-overlay\">\n\n\t\t\t<a  href=\"https:\/\/andreaswolf.net\/en\/objekt\/bild-raum-image-space\/\" target=\"_self\" class=\"img\" data-ajax=\"true\"><img loading=\"lazy\" decoding=\"async\" src=\"https:\/\/andreaswolf.net\/wp-content\/uploads\/2024\/02\/Andreas-Wolf-begehbares-Bild-1.jpg\" srcset=\"https:\/\/andreaswolf.net\/wp-content\/uploads\/2024\/02\/Andreas-Wolf-begehbares-Bild-1.jpg 1600w, https:\/\/andreaswolf.net\/wp-content\/uploads\/2024\/02\/Andreas-Wolf-begehbares-Bild-1-150x84.jpg 150w, https:\/\/andreaswolf.net\/wp-content\/uploads\/2024\/02\/Andreas-Wolf-begehbares-Bild-1-300x169.jpg 300w, https:\/\/andreaswolf.net\/wp-content\/uploads\/2024\/02\/Andreas-Wolf-begehbares-Bild-1-768x432.jpg 768w, https:\/\/andreaswolf.net\/wp-content\/uploads\/2024\/02\/Andreas-Wolf-begehbares-Bild-1-1024x576.jpg 1024w, https:\/\/andreaswolf.net\/wp-content\/uploads\/2024\/02\/Andreas-Wolf-begehbares-Bild-1-1536x864.jpg 1536w, https:\/\/andreaswolf.net\/wp-content\/uploads\/2024\/02\/Andreas-Wolf-begehbares-Bild-1-18x10.jpg 18w\" width=\"1600\"  height=\"900\" alt=\"Bild Raum | Image Space, Berlin 2022\"\n            data-sizes=\"(max-width: 767px) 100vw, (min-width: 768px) 100vw\" sizes=\"auto, (max-width: 767px) 100vw, (min-width: 768px) 100vw\" class=\"lazyload\"><\/a>\n        \n                <div class=\"info  info-overlay\" data-target=\"_self\" data-link=\"https:\/\/andreaswolf.net\/en\/objekt\/bild-raum-image-space\/\">\n        \t<div class=\"overlay-wrapper\">\n\t\t\t                 <h4 class=\"no-effect\" ><a href=\"https:\/\/andreaswolf.net\/en\/objekt\/bild-raum-image-space\/\" target=\"_self\" data-ajax=\"true\" >Bild Raum | Image Space, Berlin 2022<\/a><\/h4>\n            \n                        <\/div>\n        <\/div>\n        \t<\/article>\n    \t\n\t\n\t<article class=\"grid-item transform-effect shown border-color grid-type-nor-raum last info-overlay  pterm-90 pterm-91 grid-radius-responsive-all non-product\"  data-overlay=\".info-overlay\">\n\n\t\t\t<a  href=\"https:\/\/andreaswolf.net\/en\/objekt\/twinkle-twinkle\/\" target=\"_self\" class=\"img\" data-ajax=\"true\"><img loading=\"lazy\" decoding=\"async\" src=\"https:\/\/andreaswolf.net\/wp-content\/uploads\/2024\/02\/Twinkle-Twinkle.jpg\" srcset=\"https:\/\/andreaswolf.net\/wp-content\/uploads\/2024\/02\/Twinkle-Twinkle.jpg 1908w, https:\/\/andreaswolf.net\/wp-content\/uploads\/2024\/02\/Twinkle-Twinkle-150x84.jpg 150w, https:\/\/andreaswolf.net\/wp-content\/uploads\/2024\/02\/Twinkle-Twinkle-300x169.jpg 300w, https:\/\/andreaswolf.net\/wp-content\/uploads\/2024\/02\/Twinkle-Twinkle-768x432.jpg 768w, https:\/\/andreaswolf.net\/wp-content\/uploads\/2024\/02\/Twinkle-Twinkle-1024x576.jpg 1024w, https:\/\/andreaswolf.net\/wp-content\/uploads\/2024\/02\/Twinkle-Twinkle-1536x864.jpg 1536w, https:\/\/andreaswolf.net\/wp-content\/uploads\/2024\/02\/Twinkle-Twinkle-18x10.jpg 18w\" width=\"1908\"  height=\"1073\" alt=\"Twinkle Twinkle, 2022\"\n            data-sizes=\"(max-width: 767px) 100vw, (min-width: 768px) 100vw\" sizes=\"auto, (max-width: 767px) 100vw, (min-width: 768px) 100vw\" class=\"lazyload\"><\/a>\n        \n                <div class=\"info  info-overlay\" data-target=\"_self\" data-link=\"https:\/\/andreaswolf.net\/en\/objekt\/twinkle-twinkle\/\">\n        \t<div class=\"overlay-wrapper\">\n\t\t\t                 <h4 class=\"no-effect\" ><a href=\"https:\/\/andreaswolf.net\/en\/objekt\/twinkle-twinkle\/\" target=\"_self\" data-ajax=\"true\" >Twinkle Twinkle, 2022<\/a><\/h4>\n            \n                        <\/div>\n        <\/div>\n        \t<\/article>\n      <\/div>\n<\/div><\/div><\/div><\/div><\/div><\/div><\/div><\/div>\n<\/div>","protected":false},"excerpt":{"rendered":"Elektronisches Schaltger\u00e4t, Gl\u00fchbirne, aufgenommen in der Ausstellung S\u00c4RKYV\u00c4\u00c4 | ZERBRECHLICH in der Glasfabrik Rihim\u00e4ki in Finland, Ausstellung: 26.06.\u201309.09.2022","protected":false},"author":1,"featured_media":0,"parent":0,"menu_order":0,"comment_status":"closed","ping_status":"closed","template":"","meta":{"footnotes":""},"class_list":["post-1297","page","type-page","status-publish","hentry"],"yoast_head":"<!-- This site is optimized with the Yoast SEO plugin v27.3 - https:\/\/yoast.com\/product\/yoast-seo-wordpress\/ -->\n<title>Installationen - Andreas P. Wolf<\/title>\n<meta name=\"robots\" content=\"index, follow, max-snippet:-1, max-image-preview:large, max-video-preview:-1\" \/>\n<link rel=\"canonical\" href=\"https:\/\/andreaswolf.net\/en\/installationen\/\" \/>\n<meta property=\"og:locale\" content=\"en_GB\" \/>\n<meta property=\"og:type\" content=\"article\" \/>\n<meta property=\"og:title\" content=\"Installationen - Andreas P. Wolf\" \/>\n<meta property=\"og:url\" content=\"https:\/\/andreaswolf.net\/en\/installationen\/\" \/>\n<meta property=\"og:site_name\" content=\"Andreas P. Wolf\" \/>\n<meta property=\"article:modified_time\" content=\"2020-02-03T16:28:50+00:00\" \/>\n<meta name=\"twitter:card\" content=\"summary_large_image\" \/>\n<script type=\"application\/ld+json\" class=\"yoast-schema-graph\">{\"@context\":\"https:\\\/\\\/schema.org\",\"@graph\":[{\"@type\":\"WebPage\",\"@id\":\"https:\\\/\\\/andreaswolf.net\\\/installationen\\\/\",\"url\":\"https:\\\/\\\/andreaswolf.net\\\/installationen\\\/\",\"name\":\"Installationen - Andreas P. Wolf\",\"isPartOf\":{\"@id\":\"https:\\\/\\\/andreaswolf.net\\\/#website\"},\"datePublished\":\"2019-12-13T12:07:55+00:00\",\"dateModified\":\"2020-02-03T16:28:50+00:00\",\"breadcrumb\":{\"@id\":\"https:\\\/\\\/andreaswolf.net\\\/installationen\\\/#breadcrumb\"},\"inLanguage\":\"en-GB\",\"potentialAction\":[{\"@type\":\"ReadAction\",\"target\":[\"https:\\\/\\\/andreaswolf.net\\\/installationen\\\/\"]}]},{\"@type\":\"BreadcrumbList\",\"@id\":\"https:\\\/\\\/andreaswolf.net\\\/installationen\\\/#breadcrumb\",\"itemListElement\":[{\"@type\":\"ListItem\",\"position\":1,\"name\":\"Startseite\",\"item\":\"https:\\\/\\\/andreaswolf.net\\\/\"},{\"@type\":\"ListItem\",\"position\":2,\"name\":\"Installationen\"}]},{\"@type\":\"WebSite\",\"@id\":\"https:\\\/\\\/andreaswolf.net\\\/#website\",\"url\":\"https:\\\/\\\/andreaswolf.net\\\/\",\"name\":\"Andreas P. Wolf\",\"description\":\"Ungegenst\u00e4ndliche Malerei\",\"publisher\":{\"@id\":\"https:\\\/\\\/andreaswolf.net\\\/#\\\/schema\\\/person\\\/5053ed57fcf1669109e387898bc08c05\"},\"potentialAction\":[{\"@type\":\"SearchAction\",\"target\":{\"@type\":\"EntryPoint\",\"urlTemplate\":\"https:\\\/\\\/andreaswolf.net\\\/?s={search_term_string}\"},\"query-input\":{\"@type\":\"PropertyValueSpecification\",\"valueRequired\":true,\"valueName\":\"search_term_string\"}}],\"inLanguage\":\"en-GB\"},{\"@type\":[\"Person\",\"Organization\"],\"@id\":\"https:\\\/\\\/andreaswolf.net\\\/#\\\/schema\\\/person\\\/5053ed57fcf1669109e387898bc08c05\",\"name\":\"Andreas Wolf\",\"image\":{\"@type\":\"ImageObject\",\"inLanguage\":\"en-GB\",\"@id\":\"https:\\\/\\\/andreaswolf.net\\\/wp-content\\\/uploads\\\/2020\\\/02\\\/o.T.-G-12A.jpg\",\"url\":\"https:\\\/\\\/andreaswolf.net\\\/wp-content\\\/uploads\\\/2020\\\/02\\\/o.T.-G-12A.jpg\",\"contentUrl\":\"https:\\\/\\\/andreaswolf.net\\\/wp-content\\\/uploads\\\/2020\\\/02\\\/o.T.-G-12A.jpg\",\"width\":600,\"height\":480,\"caption\":\"Andreas Wolf\"},\"logo\":{\"@id\":\"https:\\\/\\\/andreaswolf.net\\\/wp-content\\\/uploads\\\/2020\\\/02\\\/o.T.-G-12A.jpg\"}}]}<\/script>\n<!-- \/ Yoast SEO plugin. -->","yoast_head_json":{"title":"Installationen - Andreas P. Wolf","robots":{"index":"index","follow":"follow","max-snippet":"max-snippet:-1","max-image-preview":"max-image-preview:large","max-video-preview":"max-video-preview:-1"},"canonical":"https:\/\/andreaswolf.net\/en\/installationen\/","og_locale":"en_GB","og_type":"article","og_title":"Installationen - Andreas P. Wolf","og_url":"https:\/\/andreaswolf.net\/en\/installationen\/","og_site_name":"Andreas P. Wolf","article_modified_time":"2020-02-03T16:28:50+00:00","twitter_card":"summary_large_image","schema":{"@context":"https:\/\/schema.org","@graph":[{"@type":"WebPage","@id":"https:\/\/andreaswolf.net\/installationen\/","url":"https:\/\/andreaswolf.net\/installationen\/","name":"Installationen - Andreas P. Wolf","isPartOf":{"@id":"https:\/\/andreaswolf.net\/#website"},"datePublished":"2019-12-13T12:07:55+00:00","dateModified":"2020-02-03T16:28:50+00:00","breadcrumb":{"@id":"https:\/\/andreaswolf.net\/installationen\/#breadcrumb"},"inLanguage":"en-GB","potentialAction":[{"@type":"ReadAction","target":["https:\/\/andreaswolf.net\/installationen\/"]}]},{"@type":"BreadcrumbList","@id":"https:\/\/andreaswolf.net\/installationen\/#breadcrumb","itemListElement":[{"@type":"ListItem","position":1,"name":"Startseite","item":"https:\/\/andreaswolf.net\/"},{"@type":"ListItem","position":2,"name":"Installationen"}]},{"@type":"WebSite","@id":"https:\/\/andreaswolf.net\/#website","url":"https:\/\/andreaswolf.net\/","name":"Andreas P. Wolf","description":"Non objective paintings","publisher":{"@id":"https:\/\/andreaswolf.net\/#\/schema\/person\/5053ed57fcf1669109e387898bc08c05"},"potentialAction":[{"@type":"SearchAction","target":{"@type":"EntryPoint","urlTemplate":"https:\/\/andreaswolf.net\/?s={search_term_string}"},"query-input":{"@type":"PropertyValueSpecification","valueRequired":true,"valueName":"search_term_string"}}],"inLanguage":"en-GB"},{"@type":["Person","Organization"],"@id":"https:\/\/andreaswolf.net\/#\/schema\/person\/5053ed57fcf1669109e387898bc08c05","name":"Andreas Wolf","image":{"@type":"ImageObject","inLanguage":"en-GB","@id":"https:\/\/andreaswolf.net\/wp-content\/uploads\/2020\/02\/o.T.-G-12A.jpg","url":"https:\/\/andreaswolf.net\/wp-content\/uploads\/2020\/02\/o.T.-G-12A.jpg","contentUrl":"https:\/\/andreaswolf.net\/wp-content\/uploads\/2020\/02\/o.T.-G-12A.jpg","width":600,"height":480,"caption":"Andreas Wolf"},"logo":{"@id":"https:\/\/andreaswolf.net\/wp-content\/uploads\/2020\/02\/o.T.-G-12A.jpg"}}]}},"_links":{"self":[{"href":"https:\/\/andreaswolf.net\/en\/wp-json\/wp\/v2\/pages\/1297","targetHints":{"allow":["GET"]}}],"collection":[{"href":"https:\/\/andreaswolf.net\/en\/wp-json\/wp\/v2\/pages"}],"about":[{"href":"https:\/\/andreaswolf.net\/en\/wp-json\/wp\/v2\/types\/page"}],"author":[{"embeddable":true,"href":"https:\/\/andreaswolf.net\/en\/wp-json\/wp\/v2\/users\/1"}],"replies":[{"embeddable":true,"href":"https:\/\/andreaswolf.net\/en\/wp-json\/wp\/v2\/comments?post=1297"}],"version-history":[{"count":5,"href":"https:\/\/andreaswolf.net\/en\/wp-json\/wp\/v2\/pages\/1297\/revisions"}],"predecessor-version":[{"id":1553,"href":"https:\/\/andreaswolf.net\/en\/wp-json\/wp\/v2\/pages\/1297\/revisions\/1553"}],"wp:attachment":[{"href":"https:\/\/andreaswolf.net\/en\/wp-json\/wp\/v2\/media?parent=1297"}],"curies":[{"name":"wp","href":"https:\/\/api.w.org\/{rel}","templated":true}]}}