{"id":1123,"date":"2019-12-05T12:22:45","date_gmt":"2019-12-05T11:22:45","guid":{"rendered":"https:\/\/andreaswolf.net\/?page_id=1123"},"modified":"2024-02-17T17:52:48","modified_gmt":"2024-02-17T16:52:48","slug":"impressum","status":"publish","type":"page","link":"https:\/\/andreaswolf.net\/en\/impressum\/","title":{"rendered":"imprint"},"content":{"rendered":"<article class=\"the_content page-content sixteen columns\">Andreas Wolf<br \/>\nSteegerstra\u00dfe 3<br \/>\n13359 Berlin<br \/>\nDeutschland<br \/>\nE-Mail-Adresse: <a href=\"mailto:mail@andreaswolf.net\">mail@andreaswolf.net<\/a><br \/>\nTelefon: 03031175071<\/article>\n<p>Verantwortlich f\u00fcr Inhalt: Andreas Wolf<\/p>\n<p>Plattform der Europ\u00e4ischen Kommission zur Online-Streitbeilegung (OS) f\u00fcr Verbraucher: <a href=\"https:\/\/ec.europa.eu\/consumers\/odr\/\" target=\"_blank\" rel=\"noopener\">https:\/\/ec.europa.eu\/consumers\/odr\/<\/a>. Wir sind nicht bereit und nicht verpflichtet an einem Streitbeilegungsverfahren vor einer Verbraucherschlichtungsstelle teilzunehmen.<\/p>","protected":false},"excerpt":{"rendered":"<p>Andreas Wolf Steegerstra\u00dfe 3 13359 Berlin Deutschland E-Mail-Adresse: mail@andreaswolf.net Telefon: 03031175071 Verantwortlich f\u00fcr Inhalt: Andreas Wolf Plattform der Europ\u00e4ischen Kommission&#8230;<\/p>","protected":false},"author":1,"featured_media":0,"parent":0,"menu_order":0,"comment_status":"closed","ping_status":"closed","template":"","meta":{"footnotes":""},"class_list":["post-1123","page","type-page","status-publish","hentry"],"yoast_head":"<!-- This site is optimized with the Yoast SEO plugin v27.3 - https:\/\/yoast.com\/product\/yoast-seo-wordpress\/ -->\n<title>Impressum - Andreas P. Wolf<\/title>\n<meta name=\"robots\" content=\"index, follow, max-snippet:-1, max-image-preview:large, max-video-preview:-1\" \/>\n<link rel=\"canonical\" href=\"https:\/\/andreaswolf.net\/en\/impressum\/\" \/>\n<meta property=\"og:locale\" content=\"en_GB\" \/>\n<meta property=\"og:type\" content=\"article\" \/>\n<meta property=\"og:title\" content=\"Impressum - Andreas P. Wolf\" \/>\n<meta property=\"og:description\" content=\"Andreas Wolf Steegerstra\u00dfe 3 13359 Berlin Deutschland E-Mail-Adresse: mail@andreaswolf.net Telefon: 03031175071 Verantwortlich f\u00fcr Inhalt: Andreas Wolf Plattform der Europ\u00e4ischen Kommission...\" \/>\n<meta property=\"og:url\" content=\"https:\/\/andreaswolf.net\/en\/impressum\/\" \/>\n<meta property=\"og:site_name\" content=\"Andreas P. Wolf\" \/>\n<meta property=\"article:modified_time\" content=\"2024-02-17T16:52:48+00:00\" \/>\n<meta name=\"twitter:card\" content=\"summary_large_image\" \/>\n<meta name=\"twitter:label1\" content=\"Estimated reading time\" \/>\n\t<meta name=\"twitter:data1\" content=\"1 minute\" \/>\n<script type=\"application\/ld+json\" class=\"yoast-schema-graph\">{\"@context\":\"https:\\\/\\\/schema.org\",\"@graph\":[{\"@type\":\"WebPage\",\"@id\":\"https:\\\/\\\/andreaswolf.net\\\/impressum\\\/\",\"url\":\"https:\\\/\\\/andreaswolf.net\\\/impressum\\\/\",\"name\":\"Impressum - Andreas P. Wolf\",\"isPartOf\":{\"@id\":\"https:\\\/\\\/andreaswolf.net\\\/#website\"},\"datePublished\":\"2019-12-05T11:22:45+00:00\",\"dateModified\":\"2024-02-17T16:52:48+00:00\",\"breadcrumb\":{\"@id\":\"https:\\\/\\\/andreaswolf.net\\\/impressum\\\/#breadcrumb\"},\"inLanguage\":\"en-GB\",\"potentialAction\":[{\"@type\":\"ReadAction\",\"target\":[\"https:\\\/\\\/andreaswolf.net\\\/impressum\\\/\"]}]},{\"@type\":\"BreadcrumbList\",\"@id\":\"https:\\\/\\\/andreaswolf.net\\\/impressum\\\/#breadcrumb\",\"itemListElement\":[{\"@type\":\"ListItem\",\"position\":1,\"name\":\"Startseite\",\"item\":\"https:\\\/\\\/andreaswolf.net\\\/\"},{\"@type\":\"ListItem\",\"position\":2,\"name\":\"Impressum\"}]},{\"@type\":\"WebSite\",\"@id\":\"https:\\\/\\\/andreaswolf.net\\\/#website\",\"url\":\"https:\\\/\\\/andreaswolf.net\\\/\",\"name\":\"Andreas P. Wolf\",\"description\":\"Ungegenst\u00e4ndliche Malerei\",\"publisher\":{\"@id\":\"https:\\\/\\\/andreaswolf.net\\\/#\\\/schema\\\/person\\\/5053ed57fcf1669109e387898bc08c05\"},\"potentialAction\":[{\"@type\":\"SearchAction\",\"target\":{\"@type\":\"EntryPoint\",\"urlTemplate\":\"https:\\\/\\\/andreaswolf.net\\\/?s={search_term_string}\"},\"query-input\":{\"@type\":\"PropertyValueSpecification\",\"valueRequired\":true,\"valueName\":\"search_term_string\"}}],\"inLanguage\":\"en-GB\"},{\"@type\":[\"Person\",\"Organization\"],\"@id\":\"https:\\\/\\\/andreaswolf.net\\\/#\\\/schema\\\/person\\\/5053ed57fcf1669109e387898bc08c05\",\"name\":\"Andreas Wolf\",\"image\":{\"@type\":\"ImageObject\",\"inLanguage\":\"en-GB\",\"@id\":\"https:\\\/\\\/andreaswolf.net\\\/wp-content\\\/uploads\\\/2020\\\/02\\\/o.T.-G-12A.jpg\",\"url\":\"https:\\\/\\\/andreaswolf.net\\\/wp-content\\\/uploads\\\/2020\\\/02\\\/o.T.-G-12A.jpg\",\"contentUrl\":\"https:\\\/\\\/andreaswolf.net\\\/wp-content\\\/uploads\\\/2020\\\/02\\\/o.T.-G-12A.jpg\",\"width\":600,\"height\":480,\"caption\":\"Andreas Wolf\"},\"logo\":{\"@id\":\"https:\\\/\\\/andreaswolf.net\\\/wp-content\\\/uploads\\\/2020\\\/02\\\/o.T.-G-12A.jpg\"}}]}<\/script>\n<!-- \/ Yoast SEO plugin. -->","yoast_head_json":{"title":"Impressum - Andreas P. Wolf","robots":{"index":"index","follow":"follow","max-snippet":"max-snippet:-1","max-image-preview":"max-image-preview:large","max-video-preview":"max-video-preview:-1"},"canonical":"https:\/\/andreaswolf.net\/en\/impressum\/","og_locale":"en_GB","og_type":"article","og_title":"Impressum - Andreas P. Wolf","og_description":"Andreas Wolf Steegerstra\u00dfe 3 13359 Berlin Deutschland E-Mail-Adresse: mail@andreaswolf.net Telefon: 03031175071 Verantwortlich f\u00fcr Inhalt: Andreas Wolf Plattform der Europ\u00e4ischen Kommission...","og_url":"https:\/\/andreaswolf.net\/en\/impressum\/","og_site_name":"Andreas P. Wolf","article_modified_time":"2024-02-17T16:52:48+00:00","twitter_card":"summary_large_image","twitter_misc":{"Estimated reading time":"1 minute"},"schema":{"@context":"https:\/\/schema.org","@graph":[{"@type":"WebPage","@id":"https:\/\/andreaswolf.net\/impressum\/","url":"https:\/\/andreaswolf.net\/impressum\/","name":"Impressum - Andreas P. Wolf","isPartOf":{"@id":"https:\/\/andreaswolf.net\/#website"},"datePublished":"2019-12-05T11:22:45+00:00","dateModified":"2024-02-17T16:52:48+00:00","breadcrumb":{"@id":"https:\/\/andreaswolf.net\/impressum\/#breadcrumb"},"inLanguage":"en-GB","potentialAction":[{"@type":"ReadAction","target":["https:\/\/andreaswolf.net\/impressum\/"]}]},{"@type":"BreadcrumbList","@id":"https:\/\/andreaswolf.net\/impressum\/#breadcrumb","itemListElement":[{"@type":"ListItem","position":1,"name":"Startseite","item":"https:\/\/andreaswolf.net\/"},{"@type":"ListItem","position":2,"name":"Impressum"}]},{"@type":"WebSite","@id":"https:\/\/andreaswolf.net\/#website","url":"https:\/\/andreaswolf.net\/","name":"Andreas P. Wolf","description":"Non objective paintings","publisher":{"@id":"https:\/\/andreaswolf.net\/#\/schema\/person\/5053ed57fcf1669109e387898bc08c05"},"potentialAction":[{"@type":"SearchAction","target":{"@type":"EntryPoint","urlTemplate":"https:\/\/andreaswolf.net\/?s={search_term_string}"},"query-input":{"@type":"PropertyValueSpecification","valueRequired":true,"valueName":"search_term_string"}}],"inLanguage":"en-GB"},{"@type":["Person","Organization"],"@id":"https:\/\/andreaswolf.net\/#\/schema\/person\/5053ed57fcf1669109e387898bc08c05","name":"Andreas Wolf","image":{"@type":"ImageObject","inLanguage":"en-GB","@id":"https:\/\/andreaswolf.net\/wp-content\/uploads\/2020\/02\/o.T.-G-12A.jpg","url":"https:\/\/andreaswolf.net\/wp-content\/uploads\/2020\/02\/o.T.-G-12A.jpg","contentUrl":"https:\/\/andreaswolf.net\/wp-content\/uploads\/2020\/02\/o.T.-G-12A.jpg","width":600,"height":480,"caption":"Andreas Wolf"},"logo":{"@id":"https:\/\/andreaswolf.net\/wp-content\/uploads\/2020\/02\/o.T.-G-12A.jpg"}}]}},"_links":{"self":[{"href":"https:\/\/andreaswolf.net\/en\/wp-json\/wp\/v2\/pages\/1123","targetHints":{"allow":["GET"]}}],"collection":[{"href":"https:\/\/andreaswolf.net\/en\/wp-json\/wp\/v2\/pages"}],"about":[{"href":"https:\/\/andreaswolf.net\/en\/wp-json\/wp\/v2\/types\/page"}],"author":[{"embeddable":true,"href":"https:\/\/andreaswolf.net\/en\/wp-json\/wp\/v2\/users\/1"}],"replies":[{"embeddable":true,"href":"https:\/\/andreaswolf.net\/en\/wp-json\/wp\/v2\/comments?post=1123"}],"version-history":[{"count":4,"href":"https:\/\/andreaswolf.net\/en\/wp-json\/wp\/v2\/pages\/1123\/revisions"}],"predecessor-version":[{"id":2396,"href":"https:\/\/andreaswolf.net\/en\/wp-json\/wp\/v2\/pages\/1123\/revisions\/2396"}],"wp:attachment":[{"href":"https:\/\/andreaswolf.net\/en\/wp-json\/wp\/v2\/media?parent=1123"}],"curies":[{"name":"wp","href":"https:\/\/api.w.org\/{rel}","templated":true}]}}